{"id":13,"date":"2020-03-29T15:09:50","date_gmt":"2020-03-29T12:09:50","guid":{"rendered":"http:\/\/jasinskas.lt\/?page_id=13"},"modified":"2020-03-29T15:09:50","modified_gmt":"2020-03-29T12:09:50","slug":"apie","status":"publish","type":"page","link":"http:\/\/jasinskas.lt\/index.php\/apie\/","title":{"rendered":"Apie"},"content":{"rendered":"\n<p>Galb\u016bt J\u016bs esate menininkas &#8211; tuomet \u010dia pristatykite save ir savo darbus. Arba &#8211; jei tai verslo tinklalapis &#8211; \u012fra\u0161ykite \u010dia savo verslo misij\u0105.<\/p>\n","protected":false},"excerpt":{"rendered":"<p>Galb\u016bt J\u016bs esate menininkas &#8211; tuomet \u010dia pristatykite save ir savo darbus. Arba &#8211; jei tai verslo tinklalapis &#8211; \u012fra\u0161ykite \u010dia savo verslo misij\u0105.<\/p>\n","protected":false},"author":1,"featured_media":0,"parent":0,"menu_order":0,"comment_status":"closed","ping_status":"closed","template":"","meta":[],"_links":{"self":[{"href":"http:\/\/jasinskas.lt\/index.php\/wp-json\/wp\/v2\/pages\/13"}],"collection":[{"href":"http:\/\/jasinskas.lt\/index.php\/wp-json\/wp\/v2\/pages"}],"about":[{"href":"http:\/\/jasinskas.lt\/index.php\/wp-json\/wp\/v2\/types\/page"}],"author":[{"embeddable":true,"href":"http:\/\/jasinskas.lt\/index.php\/wp-json\/wp\/v2\/users\/1"}],"replies":[{"embeddable":true,"href":"http:\/\/jasinskas.lt\/index.php\/wp-json\/wp\/v2\/comments?post=13"}],"version-history":[{"count":1,"href":"http:\/\/jasinskas.lt\/index.php\/wp-json\/wp\/v2\/pages\/13\/revisions"}],"predecessor-version":[{"id":18,"href":"http:\/\/jasinskas.lt\/index.php\/wp-json\/wp\/v2\/pages\/13\/revisions\/18"}],"wp:attachment":[{"href":"http:\/\/jasinskas.lt\/index.php\/wp-json\/wp\/v2\/media?parent=13"}],"curies":[{"name":"wp","href":"https:\/\/api.w.org\/{rel}","templated":true}]}}