{"id":14,"date":"2020-03-29T15:09:50","date_gmt":"2020-03-29T12:09:50","guid":{"rendered":"http:\/\/jasinskas.lt\/?page_id=14"},"modified":"2020-03-29T15:09:50","modified_gmt":"2020-03-29T12:09:50","slug":"susisiekite","status":"publish","type":"page","link":"http:\/\/jasinskas.lt\/index.php\/susisiekite\/","title":{"rendered":"Susisiekite"},"content":{"rendered":"\n<p>Tai yra puslapis su pagrindine kontaktine informacija, tokia kaip adresas ir telefonas. Taip pat panaudojus \u012fskiep\u012f, \u0161iame puslapyje galite \u012fd\u0117ti kontakt\u0173 form\u0105.<\/p>\n","protected":false},"excerpt":{"rendered":"<p>Tai yra puslapis su pagrindine kontaktine informacija, tokia kaip adresas ir telefonas. Taip pat panaudojus \u012fskiep\u012f, \u0161iame puslapyje galite \u012fd\u0117ti kontakt\u0173 form\u0105.<\/p>\n","protected":false},"author":1,"featured_media":0,"parent":0,"menu_order":0,"comment_status":"closed","ping_status":"closed","template":"","meta":[],"_links":{"self":[{"href":"http:\/\/jasinskas.lt\/index.php\/wp-json\/wp\/v2\/pages\/14"}],"collection":[{"href":"http:\/\/jasinskas.lt\/index.php\/wp-json\/wp\/v2\/pages"}],"about":[{"href":"http:\/\/jasinskas.lt\/index.php\/wp-json\/wp\/v2\/types\/page"}],"author":[{"embeddable":true,"href":"http:\/\/jasinskas.lt\/index.php\/wp-json\/wp\/v2\/users\/1"}],"replies":[{"embeddable":true,"href":"http:\/\/jasinskas.lt\/index.php\/wp-json\/wp\/v2\/comments?post=14"}],"version-history":[{"count":1,"href":"http:\/\/jasinskas.lt\/index.php\/wp-json\/wp\/v2\/pages\/14\/revisions"}],"predecessor-version":[{"id":19,"href":"http:\/\/jasinskas.lt\/index.php\/wp-json\/wp\/v2\/pages\/14\/revisions\/19"}],"wp:attachment":[{"href":"http:\/\/jasinskas.lt\/index.php\/wp-json\/wp\/v2\/media?parent=14"}],"curies":[{"name":"wp","href":"https:\/\/api.w.org\/{rel}","templated":true}]}}